{"id":2,"date":"2026-02-09T10:35:17","date_gmt":"2026-02-09T10:35:17","guid":{"rendered":"http:\/\/thenest.place\/?page_id=2"},"modified":"2026-02-13T15:13:12","modified_gmt":"2026-02-13T15:13:12","slug":"sample-page","status":"publish","type":"page","link":"https:\/\/thenest.place\/","title":{"rendered":"Home"},"content":{"rendered":"\n<div class=\"wp-block-group alignfull has-white-background-color has-background is-layout-constrained wp-block-group-is-layout-constrained\" style=\"padding-top:7rem;padding-bottom:7rem\">\n<div class=\"wp-block-columns are-vertically-aligned-center is-layout-flex wp-container-core-columns-is-layout-66fad18a wp-block-columns-is-layout-flex\">\n<div class=\"wp-block-column is-vertically-aligned-center is-layout-flow wp-block-column-is-layout-flow\" style=\"flex-basis:50%\">\n<h1 class=\"wp-block-heading has-black-color has-text-color has-link-color wp-elements-0cb1c572b4c1907ad6bfe1d4f364dfd6\" style=\"margin-bottom:20px;font-size:clamp(37.821px, 2.364rem + ((1vw - 3.2px) * 2.514), 70px);font-style:normal;font-weight:800;line-height:1.2\">Une salle sur-\u00e9quip\u00e9e, au c\u0153ur de Strasbourg<\/h1>\n\n\n\n<p class=\"has-black-color has-text-color has-link-color has-medium-font-size wp-elements-f6a45aa3662ad106d72b92793ee44126\" style=\"border-bottom-color:#0000001F;border-bottom-style:solid;border-bottom-width:1px;margin-bottom:40px;padding-bottom:40px\">Un plateau de 165m\u00b2 dans un \u00e9crin historique, \u00e9quip\u00e9 d&rsquo;une cuisine professionnelle et d&rsquo;une terrasse.<\/p>\n\n\n\n<div class=\"wp-block-group is-vertical is-layout-flex wp-container-core-group-is-layout-355c4241 wp-block-group-is-layout-flex\">\n<div class=\"wp-block-group is-nowrap is-layout-flex wp-container-core-group-is-layout-c1740a5a wp-block-group-is-layout-flex\">\n<figure class=\"wp-block-image size-full is-resized has-custom-border wp-container-content-2763a79c\"><img decoding=\"async\" src=\"http:\/\/thenest.place\/wp-content\/themes\/blocksy\/inc\/components\/patterns\/assets\/pattern-check-mark.svg\" alt=\"\" class=\"wp-image-7800\" style=\"border-style:none;border-width:0px;object-fit:contain;width:22px;height:22px\"\/><\/figure>\n\n\n\n<p class=\"has-black-color has-text-color has-link-color wp-elements-cfd130f66388a03255196e6c8b39c956\" style=\"font-size:clamp(14px, 0.875rem + ((1vw - 3.2px) * 0.313), 18px);font-style:normal;font-weight:500\">Accueil jusqu&rsquo;\u00e0 80 personnes, class\u00e9 ERP.<\/p>\n<\/div>\n\n\n\n<div class=\"wp-block-group is-nowrap is-layout-flex wp-container-core-group-is-layout-c1740a5a wp-block-group-is-layout-flex\">\n<figure class=\"wp-block-image size-full is-resized wp-container-content-2763a79c\"><img decoding=\"async\" src=\"http:\/\/thenest.place\/wp-content\/themes\/blocksy\/inc\/components\/patterns\/assets\/pattern-check-mark.svg\" alt=\"\" class=\"wp-image-7800\" style=\"object-fit:contain;width:22px;height:22px\"\/><\/figure>\n\n\n\n<p class=\"has-black-color has-text-color has-link-color wp-elements-f2234a69fbde6dad3312af26bf6d98d3\" style=\"font-size:clamp(14px, 0.875rem + ((1vw - 3.2px) * 0.313), 18px);font-style:normal;font-weight:500\">Vid\u00e9o-projecteur, son, micros HF, lumi\u00e8res d&rsquo;ambiance.<\/p>\n<\/div>\n\n\n\n<div class=\"wp-block-group is-nowrap is-layout-flex wp-container-core-group-is-layout-c1740a5a wp-block-group-is-layout-flex\">\n<figure class=\"wp-block-image size-full is-resized wp-container-content-2763a79c\"><img decoding=\"async\" src=\"http:\/\/thenest.place\/wp-content\/themes\/blocksy\/inc\/components\/patterns\/assets\/pattern-check-mark.svg\" alt=\"\" class=\"wp-image-7800\" style=\"object-fit:cover;width:22px;height:22px\"\/><\/figure>\n\n\n\n<p class=\"has-black-color has-text-color has-link-color wp-elements-af0739d261dd8f036007f880bc2eb846\" style=\"font-size:clamp(14px, 0.875rem + ((1vw - 3.2px) * 0.313), 18px);font-style:normal;font-weight:500\">Cuisine sur-\u00e9quip\u00e9e : 2 fours, 8 feux induction, 2 laves-vaisselle, 1 frigo, 5 micro-ondes.<\/p>\n<\/div>\n<\/div>\n<\/div>\n\n\n\n<div class=\"wp-block-column is-vertically-aligned-center is-layout-flow wp-block-column-is-layout-flow\">\n<div class=\"wp-block-columns is-layout-flex wp-container-core-columns-is-layout-2709eace wp-block-columns-is-layout-flex\">\n<div class=\"wp-block-column is-vertically-aligned-stretch is-layout-flow wp-block-column-is-layout-flow\">\n<div class=\"wp-block-cover is-light has-custom-content-position is-position-bottom-center\" style=\"border-radius:20px;padding-top:20px;padding-right:20px;padding-bottom:20px;padding-left:20px;min-height:630px;aspect-ratio:unset;\"><img loading=\"lazy\" decoding=\"async\" width=\"1024\" height=\"684\" class=\"wp-block-cover__image-background wp-image-9 size-large\" alt=\"\" src=\"http:\/\/thenest.place\/wp-content\/uploads\/2026\/02\/photo-grande-salle-tables-chaises-1024x684.jpeg\" style=\"object-position:35% 51%\" data-object-fit=\"cover\" data-object-position=\"35% 51%\" srcset=\"https:\/\/thenest.place\/wp-content\/uploads\/2026\/02\/photo-grande-salle-tables-chaises-1024x684.jpeg 1024w, https:\/\/thenest.place\/wp-content\/uploads\/2026\/02\/photo-grande-salle-tables-chaises-300x200.jpeg 300w, https:\/\/thenest.place\/wp-content\/uploads\/2026\/02\/photo-grande-salle-tables-chaises-768x513.jpeg 768w, https:\/\/thenest.place\/wp-content\/uploads\/2026\/02\/photo-grande-salle-tables-chaises-1536x1025.jpeg 1536w, https:\/\/thenest.place\/wp-content\/uploads\/2026\/02\/photo-grande-salle-tables-chaises.jpeg 1600w\" sizes=\"auto, (max-width: 1024px) 100vw, 1024px\" \/><span aria-hidden=\"true\" class=\"wp-block-cover__background has-background-dim-0 has-background-dim\" style=\"background-color:#b5a59e\"><\/span><div class=\"wp-block-cover__inner-container is-layout-flow wp-block-cover-is-layout-flow\">\n<div class=\"wp-block-group has-white-background-color has-background is-layout-constrained wp-container-core-group-is-layout-bf816c8d wp-block-group-is-layout-constrained\" style=\"border-radius:10px;padding-top:20px;padding-right:20px;padding-bottom:20px;padding-left:20px\">\n<figure class=\"wp-block-image size-full is-resized has-custom-border\" style=\"margin-bottom:10px\"><img loading=\"lazy\" decoding=\"async\" width=\"720\" height=\"707\" src=\"http:\/\/thenest.place\/wp-content\/uploads\/2026\/02\/90-e1770995097858.png\" alt=\"\" class=\"wp-image-48\" style=\"border-radius:100px;width:40px\" srcset=\"https:\/\/thenest.place\/wp-content\/uploads\/2026\/02\/90-e1770995097858.png 720w, https:\/\/thenest.place\/wp-content\/uploads\/2026\/02\/90-e1770995097858-300x295.png 300w\" sizes=\"auto, (max-width: 720px) 100vw, 720px\" \/><\/figure>\n\n\n\n<h2 class=\"wp-block-heading has-black-color has-text-color has-link-color wp-elements-c3085c3852a60cdfee3689b3f1e70d42\" style=\"margin-top:0;font-size:clamp(14px, 0.875rem + ((1vw - 3.2px) * 0.156), 16px);\">Grande salle modulable<\/h2>\n<\/div>\n<\/div><\/div>\n<\/div>\n\n\n\n<div class=\"wp-block-column is-layout-flow wp-block-column-is-layout-flow\">\n<div class=\"wp-block-cover is-light has-custom-content-position is-position-bottom-center\" style=\"border-radius:20px;margin-bottom:30px;padding-top:20px;padding-right:20px;padding-bottom:20px;padding-left:20px;min-height:300px;aspect-ratio:unset;\"><img loading=\"lazy\" decoding=\"async\" width=\"1024\" height=\"684\" class=\"wp-block-cover__image-background wp-image-9 size-large\" alt=\"\" src=\"http:\/\/thenest.place\/wp-content\/uploads\/2026\/02\/photo-grande-salle-tables-chaises-1024x684.jpeg\" style=\"object-position:100% 0%\" data-object-fit=\"cover\" data-object-position=\"100% 0%\" srcset=\"https:\/\/thenest.place\/wp-content\/uploads\/2026\/02\/photo-grande-salle-tables-chaises-1024x684.jpeg 1024w, https:\/\/thenest.place\/wp-content\/uploads\/2026\/02\/photo-grande-salle-tables-chaises-300x200.jpeg 300w, https:\/\/thenest.place\/wp-content\/uploads\/2026\/02\/photo-grande-salle-tables-chaises-768x513.jpeg 768w, https:\/\/thenest.place\/wp-content\/uploads\/2026\/02\/photo-grande-salle-tables-chaises-1536x1025.jpeg 1536w, https:\/\/thenest.place\/wp-content\/uploads\/2026\/02\/photo-grande-salle-tables-chaises.jpeg 1600w\" sizes=\"auto, (max-width: 1024px) 100vw, 1024px\" \/><span aria-hidden=\"true\" class=\"wp-block-cover__background has-background-dim-0 has-background-dim\" style=\"background-color:#b5a59e\"><\/span><div class=\"wp-block-cover__inner-container is-layout-flow wp-block-cover-is-layout-flow\">\n<div class=\"wp-block-group has-white-background-color has-background is-layout-constrained wp-container-core-group-is-layout-bf816c8d wp-block-group-is-layout-constrained\" style=\"border-radius:10px;padding-top:20px;padding-right:20px;padding-bottom:20px;padding-left:20px\">\n<figure class=\"wp-block-image size-full is-resized has-custom-border\" style=\"margin-bottom:10px\"><img loading=\"lazy\" decoding=\"async\" width=\"720\" height=\"707\" src=\"http:\/\/thenest.place\/wp-content\/uploads\/2026\/02\/25-e1770995164677.png\" alt=\"\" class=\"wp-image-49\" style=\"border-radius:100px;width:40px\" srcset=\"https:\/\/thenest.place\/wp-content\/uploads\/2026\/02\/25-e1770995164677.png 720w, https:\/\/thenest.place\/wp-content\/uploads\/2026\/02\/25-e1770995164677-300x295.png 300w\" sizes=\"auto, (max-width: 720px) 100vw, 720px\" \/><\/figure>\n\n\n\n<h2 class=\"wp-block-heading has-black-color has-text-color has-link-color wp-elements-1595ca5070aa22f0dcd627698f682a19\" style=\"margin-top:0;font-size:clamp(14px, 0.875rem + ((1vw - 3.2px) * 0.156), 16px);\">Terrasse priv\u00e9e<\/h2>\n<\/div>\n<\/div><\/div>\n\n\n\n<div class=\"wp-block-cover is-light has-custom-content-position is-position-bottom-center\" style=\"border-radius:20px;padding-top:20px;padding-right:20px;padding-bottom:20px;padding-left:20px;min-height:300px;aspect-ratio:unset;\"><img loading=\"lazy\" decoding=\"async\" width=\"576\" height=\"1024\" class=\"wp-block-cover__image-background wp-image-17 size-large\" alt=\"\" src=\"http:\/\/thenest.place\/wp-content\/uploads\/2026\/02\/cuisine-576x1024.jpeg\" style=\"object-position:79% 81%\" data-object-fit=\"cover\" data-object-position=\"79% 81%\" srcset=\"https:\/\/thenest.place\/wp-content\/uploads\/2026\/02\/cuisine-576x1024.jpeg 576w, https:\/\/thenest.place\/wp-content\/uploads\/2026\/02\/cuisine-169x300.jpeg 169w, https:\/\/thenest.place\/wp-content\/uploads\/2026\/02\/cuisine-768x1365.jpeg 768w, https:\/\/thenest.place\/wp-content\/uploads\/2026\/02\/cuisine-864x1536.jpeg 864w, https:\/\/thenest.place\/wp-content\/uploads\/2026\/02\/cuisine.jpeg 900w\" sizes=\"auto, (max-width: 576px) 100vw, 576px\" \/><span aria-hidden=\"true\" class=\"wp-block-cover__background has-background-dim-0 has-background-dim\" style=\"background-color:#93928d\"><\/span><div class=\"wp-block-cover__inner-container is-layout-flow wp-block-cover-is-layout-flow\">\n<div class=\"wp-block-group has-white-background-color has-background is-layout-constrained wp-container-core-group-is-layout-bf816c8d wp-block-group-is-layout-constrained\" style=\"border-radius:10px;padding-top:20px;padding-right:20px;padding-bottom:20px;padding-left:20px\">\n<figure class=\"wp-block-image size-full is-resized has-custom-border\" style=\"margin-bottom:10px\"><img loading=\"lazy\" decoding=\"async\" width=\"720\" height=\"707\" src=\"http:\/\/thenest.place\/wp-content\/uploads\/2026\/02\/25-e1770995164677.png\" alt=\"\" class=\"wp-image-49\" style=\"border-radius:100px;width:40px\" srcset=\"https:\/\/thenest.place\/wp-content\/uploads\/2026\/02\/25-e1770995164677.png 720w, https:\/\/thenest.place\/wp-content\/uploads\/2026\/02\/25-e1770995164677-300x295.png 300w\" sizes=\"auto, (max-width: 720px) 100vw, 720px\" \/><\/figure>\n\n\n\n<h2 class=\"wp-block-heading has-black-color has-text-color has-link-color wp-elements-50762c8e91db355eaede33b04d2eea0e\" style=\"margin-top:0;font-size:clamp(14px, 0.875rem + ((1vw - 3.2px) * 0.156), 16px);\">Cuisine sur-\u00e9quip\u00e9e<\/h2>\n<\/div>\n<\/div><\/div>\n<\/div>\n<\/div>\n<\/div>\n<\/div>\n<\/div>\n\n\n\n<div class=\"wp-block-group alignfull has-background is-layout-flow wp-block-group-is-layout-flow\" style=\"background-color:#f5eac1;padding-top:6vw;padding-right:6vw;padding-bottom:6vw;padding-left:6vw\">\n<div class=\"wp-block-group is-vertical is-nowrap is-layout-flex wp-container-core-group-is-layout-36fd9ea3 wp-block-group-is-layout-flex\" style=\"padding-right:0;padding-left:0\">\n<h6 class=\"wp-block-heading has-text-color\" id=\"ecosystem\" style=\"color:#000000;font-size:clamp(14px, 0.875rem + ((1vw - 3.2px) * 0.156), 16px);\">La salle est enti\u00e8rement modulable<\/h6>\n\n\n\n<p class=\"has-text-color\" style=\"color:#000000;font-size:6vw;font-style:normal;font-weight:700;letter-spacing:0px;line-height:0.9;text-decoration:none;text-transform:none\">Composez librement.<\/p>\n<\/div>\n\n\n\n<div style=\"height:1vw\" aria-hidden=\"true\" class=\"wp-block-spacer\"><\/div>\n\n\n\n<div class=\"wp-block-group alignwide is-vertical is-nowrap is-layout-flex wp-container-core-group-is-layout-7946b6b8 wp-block-group-is-layout-flex\" style=\"padding-top:0;padding-right:0;padding-bottom:0;padding-left:0\">\n<div class=\"wp-block-columns alignwide is-layout-flex wp-container-core-columns-is-layout-21b20327 wp-block-columns-is-layout-flex\">\n<div class=\"wp-block-column is-layout-flow wp-block-column-is-layout-flow\" style=\"flex-basis:33.38%\">\n<p class=\"has-text-color\" style=\"color:#000000;font-size:clamp(14px, 0.875rem + ((1vw - 3.2px) * 0.234), 17px);\">Selon le type d&rsquo;\u00e9v\u00e9nement que vous organisez, et le nombre de personnes que vous accueillez, vous pourrez composer et moduler l&rsquo;espace comme vous le souhaitez.<\/p>\n\n\n\n<p class=\"has-text-color\" style=\"color:#000000;font-size:clamp(14px, 0.875rem + ((1vw - 3.2px) * 0.234), 17px);\">Inspirez-vous de nos derni\u00e8res compositions pour votre prochain \u00e9v\u00e9nement chez nous.<\/p>\n<\/div>\n\n\n\n<div class=\"wp-block-column is-layout-flow wp-block-column-is-layout-flow\" style=\"flex-basis:33%\">\n<div style=\"height:2vw\" aria-hidden=\"true\" class=\"wp-block-spacer\"><\/div>\n\n\n\n<figure class=\"wp-block-image size-large\"><img decoding=\"async\" src=\"https:\/\/s.w.org\/images\/core\/5.8\/outside-01.jpg\" alt=\"Le soleil se couchant derri\u00e8re une for\u00eat dense.\"\/><\/figure>\n<\/div>\n\n\n\n<div class=\"wp-block-column is-layout-flow wp-block-column-is-layout-flow\" style=\"flex-basis:33.62%\">\n<figure class=\"wp-block-image size-large\"><img decoding=\"async\" src=\"https:\/\/s.w.org\/images\/core\/5.8\/outside-02.jpg\" alt=\"Des \u00e9oliennes se tiennent sur une plaine herbeuse, avec un ciel bleu en arri\u00e8re-plan.\"\/><\/figure>\n<\/div>\n<\/div>\n\n\n\n<div class=\"wp-block-columns alignwide is-layout-flex wp-container-core-columns-is-layout-c24efe4f wp-block-columns-is-layout-flex\">\n<div class=\"wp-block-column is-layout-flow wp-block-column-is-layout-flow\" style=\"flex-basis:69%\">\n<figure class=\"wp-block-image size-large\"><img decoding=\"async\" src=\"https:\/\/s.w.org\/images\/core\/5.8\/outside-03.jpg\" alt=\"Le soleil brille au dessus d\u2019une cr\u00eate donnant sur le bord de mer. Plus loin, une voiture est visible.\"\/><\/figure>\n<\/div>\n\n\n\n<div class=\"wp-block-column is-vertically-aligned-center is-layout-flow wp-block-column-is-layout-flow\" style=\"flex-basis:33%\">\n<div style=\"height:2vw\" aria-hidden=\"true\" class=\"wp-block-spacer\"><\/div>\n\n\n\n<p class=\"has-text-color\" style=\"color:#000000;font-size:clamp(14px, 0.875rem + ((1vw - 3.2px) * 0.234), 17px);\">Nous sommes \u00e0 votre disposition pour toute question relative \u00e0 la gestion de l&rsquo;espace et du mobilier.<\/p>\n<\/div>\n<\/div>\n<\/div>\n<\/div>\n","protected":false},"excerpt":{"rendered":"<p>Une salle sur-\u00e9quip\u00e9e, au c\u0153ur de Strasbourg Un plateau de 165m\u00b2 dans un \u00e9crin historique, \u00e9quip\u00e9 d&rsquo;une cuisine professionnelle et d&rsquo;une terrasse. Accueil jusqu&rsquo;\u00e0 80 personnes, class\u00e9 ERP. Vid\u00e9o-projecteur, son, micros HF, lumi\u00e8res d&rsquo;ambiance. Cuisine sur-\u00e9quip\u00e9e : 2 fours, 8 feux induction, 2 laves-vaisselle, 1 frigo, 5 micro-ondes. La salle est enti\u00e8rement modulable Composez librement. [&hellip;]<\/p>\n","protected":false},"author":1,"featured_media":9,"parent":0,"menu_order":0,"comment_status":"closed","ping_status":"open","template":"","meta":{"footnotes":""},"class_list":["post-2","page","type-page","status-publish","has-post-thumbnail","hentry"],"blocksy_meta":{"has_hero_section":"disabled","styles_descriptor":{"styles":{"desktop":"","tablet":"","mobile":""},"google_fonts":[],"version":6}},"jetpack_sharing_enabled":true,"_links":{"self":[{"href":"https:\/\/thenest.place\/index.php?rest_route=\/wp\/v2\/pages\/2","targetHints":{"allow":["GET"]}}],"collection":[{"href":"https:\/\/thenest.place\/index.php?rest_route=\/wp\/v2\/pages"}],"about":[{"href":"https:\/\/thenest.place\/index.php?rest_route=\/wp\/v2\/types\/page"}],"author":[{"embeddable":true,"href":"https:\/\/thenest.place\/index.php?rest_route=\/wp\/v2\/users\/1"}],"replies":[{"embeddable":true,"href":"https:\/\/thenest.place\/index.php?rest_route=%2Fwp%2Fv2%2Fcomments&post=2"}],"version-history":[{"count":19,"href":"https:\/\/thenest.place\/index.php?rest_route=\/wp\/v2\/pages\/2\/revisions"}],"predecessor-version":[{"id":54,"href":"https:\/\/thenest.place\/index.php?rest_route=\/wp\/v2\/pages\/2\/revisions\/54"}],"wp:featuredmedia":[{"embeddable":true,"href":"https:\/\/thenest.place\/index.php?rest_route=\/wp\/v2\/media\/9"}],"wp:attachment":[{"href":"https:\/\/thenest.place\/index.php?rest_route=%2Fwp%2Fv2%2Fmedia&parent=2"}],"curies":[{"name":"wp","href":"https:\/\/api.w.org\/{rel}","templated":true}]}}