{"id":26,"date":"2026-02-09T13:54:47","date_gmt":"2026-02-09T13:54:47","guid":{"rendered":"http:\/\/thenest.place\/?page_id=26"},"modified":"2026-02-09T13:54:47","modified_gmt":"2026-02-09T13:54:47","slug":"contactez-nous","status":"publish","type":"page","link":"https:\/\/thenest.place\/?page_id=26","title":{"rendered":"Contactez-nous"},"content":{"rendered":"\n<p>Merci de formuler votre demande de la mani\u00e8re la plus compl\u00e8te possible afin que nous puissions vous r\u00e9pondre dans les meilleures conditions.<br>A minima, merci de renseigner la typologie de l&rsquo;\u00e9v\u00e9nement, le nombre de personnes que vous souhaitez accueillir, ainsi que la (ou les) date(s) pr\u00e9visionnelle(s).<\/p>\n\n\n<div class=\"wp-block-jetpack-contact-form\"><a href=\"https:\/\/thenest.place\/?page_id=26\" target=\"_blank\" rel=\"noopener noreferrer\">Soumettre un formulaire.<\/a><\/div>","protected":false},"excerpt":{"rendered":"<p>Merci de formuler votre demande de la mani\u00e8re la plus compl\u00e8te possible afin que nous puissions vous r\u00e9pondre dans les meilleures conditions.A minima, merci de renseigner la typologie de l&rsquo;\u00e9v\u00e9nement, le nombre de personnes que vous souhaitez accueillir, ainsi que la (ou les) date(s) pr\u00e9visionnelle(s).<\/p>\n","protected":false},"author":1,"featured_media":0,"parent":0,"menu_order":0,"comment_status":"closed","ping_status":"closed","template":"","meta":{"footnotes":""},"class_list":["post-26","page","type-page","status-publish","hentry"],"blocksy_meta":[],"jetpack_sharing_enabled":true,"_links":{"self":[{"href":"https:\/\/thenest.place\/index.php?rest_route=\/wp\/v2\/pages\/26","targetHints":{"allow":["GET"]}}],"collection":[{"href":"https:\/\/thenest.place\/index.php?rest_route=\/wp\/v2\/pages"}],"about":[{"href":"https:\/\/thenest.place\/index.php?rest_route=\/wp\/v2\/types\/page"}],"author":[{"embeddable":true,"href":"https:\/\/thenest.place\/index.php?rest_route=\/wp\/v2\/users\/1"}],"replies":[{"embeddable":true,"href":"https:\/\/thenest.place\/index.php?rest_route=%2Fwp%2Fv2%2Fcomments&post=26"}],"version-history":[{"count":1,"href":"https:\/\/thenest.place\/index.php?rest_route=\/wp\/v2\/pages\/26\/revisions"}],"predecessor-version":[{"id":27,"href":"https:\/\/thenest.place\/index.php?rest_route=\/wp\/v2\/pages\/26\/revisions\/27"}],"wp:attachment":[{"href":"https:\/\/thenest.place\/index.php?rest_route=%2Fwp%2Fv2%2Fmedia&parent=26"}],"curies":[{"name":"wp","href":"https:\/\/api.w.org\/{rel}","templated":true}]}}